{"id":1511,"date":"2025-08-26T23:17:14","date_gmt":"2025-08-26T21:17:14","guid":{"rendered":"https:\/\/november-backup.digitale-kreativwerkstatt.de\/?page_id=1511"},"modified":"2025-08-26T23:20:50","modified_gmt":"2025-08-26T21:20:50","slug":"veranstaltungs-archiv","status":"publish","type":"page","link":"https:\/\/november-backup.digitale-kreativwerkstatt.de\/en\/veranstaltungen\/veranstaltungs-archiv\/","title":{"rendered":"Veranstaltungs-Archiv"},"content":{"rendered":"<p><div class=\"fusion-fullwidth fullwidth-box fusion-builder-row-1 fusion-flex-container has-pattern-background has-mask-background nonhundred-percent-fullwidth non-hundred-percent-height-scrolling fusion-custom-z-index\" style=\"--awb-border-color:var(--awb-color1);--awb-border-radius-top-left:0px;--awb-border-radius-top-right:0px;--awb-border-radius-bottom-right:0px;--awb-border-radius-bottom-left:0px;--awb-z-index:100;--awb-padding-top:0px;--awb-padding-top-medium:25px;--awb-padding-top-small:0px;--awb-padding-right-small:10%;--awb-padding-left-small:10%;--awb-margin-bottom:25px;--awb-margin-bottom-medium:20px;--awb-margin-bottom-small:10px;--awb-flex-wrap:wrap;\" ><div class=\"fusion-builder-row fusion-row fusion-flex-align-items-flex-start fusion-flex-content-wrap\" style=\"max-width:1664px;margin-left: calc(-4% \/ 2 );margin-right: calc(-4% \/ 2 );\"><div class=\"fusion-layout-column fusion_builder_column fusion-builder-column-0 fusion_builder_column_1_1 1_1 fusion-flex-column\" style=\"--awb-padding-right:6%;--awb-padding-left:6%;--awb-padding-right-medium:4%;--awb-padding-left-medium:4%;--awb-padding-right-small:0px;--awb-padding-left-small:0px;--awb-bg-size:cover;--awb-width-large:100%;--awb-margin-top-large:0px;--awb-spacing-right-large:1.92%;--awb-margin-bottom-large:0px;--awb-spacing-left-large:1.92%;--awb-width-medium:100%;--awb-order-medium:0;--awb-spacing-right-medium:1.92%;--awb-spacing-left-medium:1.92%;--awb-width-small:100%;--awb-order-small:0;--awb-spacing-right-small:1.92%;--awb-spacing-left-small:1.92%;\" data-scroll-devices=\"small-visibility,medium-visibility,large-visibility\"><div class=\"fusion-column-wrapper fusion-column-has-shadow fusion-flex-justify-content-flex-start fusion-content-layout-column\"><div class=\"fusion-text fusion-text-1 fusion-text-no-margin\" style=\"--awb-content-alignment:center;\"><p>Forschung ist Dialog. Wir m\u00f6chten unser Wissen im Dialog weitergeben. Und wir m\u00f6chten die \u00d6ffentlichkeit im Dialog \u00fcber unsere Forschungs\u00adarbeit informieren. Hier auf dieser Seite finden Sie unsere aktuellen Veranstaltungen. Sie k\u00f6nnen diese mit den folgenden Buttons nach Veranstaltungs\u00adkategorie filtern. Bei Fragen zu unseren Veranstaltungen nehmen Sie einfach <a href=\"https:\/\/www.siiri-sfb.de\/kontakt\/\">Kontakt<\/a> zu uns auf!<\/p>\n<\/div><\/div><\/div><\/div><\/div><div class=\"fusion-fullwidth fullwidth-box fusion-builder-row-2 fusion-flex-container has-pattern-background has-mask-background nonhundred-percent-fullwidth non-hundred-percent-height-scrolling\" style=\"--awb-border-radius-top-left:0px;--awb-border-radius-top-right:0px;--awb-border-radius-bottom-right:0px;--awb-border-radius-bottom-left:0px;--awb-padding-bottom:50px;--awb-padding-right-medium:10%;--awb-padding-bottom-medium:50px;--awb-padding-left-medium:10%;--awb-padding-right-small:12%;--awb-padding-bottom-small:25px;--awb-padding-left-small:12%;--awb-flex-wrap:wrap;\" ><div class=\"fusion-builder-row fusion-row fusion-flex-align-items-flex-start fusion-flex-content-wrap\" style=\"max-width:1664px;margin-left: calc(-4% \/ 2 );margin-right: calc(-4% \/ 2 );\"><div class=\"fusion-layout-column fusion_builder_column fusion-builder-column-1 fusion_builder_column_1_1 1_1 fusion-flex-column\" style=\"--awb-bg-size:cover;--awb-width-large:100%;--awb-margin-top-large:0px;--awb-spacing-right-large:1.92%;--awb-margin-bottom-large:0px;--awb-spacing-left-large:1.92%;--awb-width-medium:100%;--awb-order-medium:0;--awb-spacing-right-medium:1.92%;--awb-spacing-left-medium:1.92%;--awb-width-small:100%;--awb-order-small:0;--awb-spacing-right-small:1.92%;--awb-spacing-left-small:1.92%;\" data-scroll-devices=\"small-visibility,medium-visibility,large-visibility\"><div class=\"fusion-column-wrapper fusion-column-has-shadow fusion-flex-justify-content-flex-start fusion-content-layout-column\"><\/div><\/div><\/div><\/div><\/p>\n","protected":false},"excerpt":{"rendered":"","protected":false},"author":1,"featured_media":0,"parent":745,"menu_order":300,"comment_status":"closed","ping_status":"closed","template":"100-width.php","meta":{"_acf_changed":false,"footnotes":""},"class_list":["post-1511","page","type-page","status-publish","hentry"],"acf":[],"_links":{"self":[{"href":"https:\/\/november-backup.digitale-kreativwerkstatt.de\/en\/wp-json\/wp\/v2\/pages\/1511","targetHints":{"allow":["GET"]}}],"collection":[{"href":"https:\/\/november-backup.digitale-kreativwerkstatt.de\/en\/wp-json\/wp\/v2\/pages"}],"about":[{"href":"https:\/\/november-backup.digitale-kreativwerkstatt.de\/en\/wp-json\/wp\/v2\/types\/page"}],"author":[{"embeddable":true,"href":"https:\/\/november-backup.digitale-kreativwerkstatt.de\/en\/wp-json\/wp\/v2\/users\/1"}],"replies":[{"embeddable":true,"href":"https:\/\/november-backup.digitale-kreativwerkstatt.de\/en\/wp-json\/wp\/v2\/comments?post=1511"}],"version-history":[{"count":2,"href":"https:\/\/november-backup.digitale-kreativwerkstatt.de\/en\/wp-json\/wp\/v2\/pages\/1511\/revisions"}],"predecessor-version":[{"id":1513,"href":"https:\/\/november-backup.digitale-kreativwerkstatt.de\/en\/wp-json\/wp\/v2\/pages\/1511\/revisions\/1513"}],"up":[{"embeddable":true,"href":"https:\/\/november-backup.digitale-kreativwerkstatt.de\/en\/wp-json\/wp\/v2\/pages\/745"}],"wp:attachment":[{"href":"https:\/\/november-backup.digitale-kreativwerkstatt.de\/en\/wp-json\/wp\/v2\/media?parent=1511"}],"curies":[{"name":"wp","href":"https:\/\/api.w.org\/{rel}","templated":true}]}}